{"id":19618,"date":"2022-02-14T14:46:05","date_gmt":"2022-02-14T13:46:05","guid":{"rendered":"https:\/\/hart-store.nl\/product\/inzet-douchebak-860x662mm-zacht-creme-zach-creme\/"},"modified":"2025-02-06T15:43:47","modified_gmt":"2025-02-06T14:43:47","slug":"inzet-douchebak-860x662mm-zacht-creme-zach-creme","status":"publish","type":"product","link":"https:\/\/hart-store.nl\/en\/product\/inzet-douchebak-860x662mm-zacht-creme-zach-creme\/","title":{"rendered":"Inzet douchebak 860x662mm zacht cr\u00e8me zach cr\u00e8me"},"content":{"rendered":"<p>Inzet douchebak 860x662mm zacht cr\u00e8me zach cr\u00e8me<\/p>\n","protected":false},"excerpt":{"rendered":"<p>Inzet douchebak 860x662mm zacht cr\u00e8me zach cr\u00e8me<\/p>\n","protected":false},"featured_media":23021,"template":"","meta":[],"product_brand":[],"product_cat":[197],"product_tag":[],"class_list":{"0":"post-19618","1":"product","2":"type-product","3":"status-publish","4":"has-post-thumbnail","6":"product_cat-https-hart-store-nl-product-categorie-gastechniek-badkamer","8":"first","9":"instock","10":"taxable","11":"shipping-taxable","12":"purchasable","13":"product-type-simple"},"_links":{"self":[{"href":"https:\/\/hart-store.nl\/en\/wp-json\/wp\/v2\/product\/19618","targetHints":{"allow":["GET"]}}],"collection":[{"href":"https:\/\/hart-store.nl\/en\/wp-json\/wp\/v2\/product"}],"about":[{"href":"https:\/\/hart-store.nl\/en\/wp-json\/wp\/v2\/types\/product"}],"wp:featuredmedia":[{"embeddable":true,"href":"https:\/\/hart-store.nl\/en\/wp-json\/wp\/v2\/media\/23021"}],"wp:attachment":[{"href":"https:\/\/hart-store.nl\/en\/wp-json\/wp\/v2\/media?parent=19618"}],"wp:term":[{"taxonomy":"product_brand","embeddable":true,"href":"https:\/\/hart-store.nl\/en\/wp-json\/wp\/v2\/product_brand?post=19618"},{"taxonomy":"product_cat","embeddable":true,"href":"https:\/\/hart-store.nl\/en\/wp-json\/wp\/v2\/product_cat?post=19618"},{"taxonomy":"product_tag","embeddable":true,"href":"https:\/\/hart-store.nl\/en\/wp-json\/wp\/v2\/product_tag?post=19618"}],"curies":[{"name":"wp","href":"https:\/\/api.w.org\/{rel}","templated":true}]}}